{"id":9,"date":"2024-04-03T00:57:00","date_gmt":"2024-04-02T22:57:00","guid":{"rendered":"http:\/\/afd-events.de\/mae15\/?page_id=9"},"modified":"2024-04-03T01:12:05","modified_gmt":"2024-04-02T23:12:05","slug":"afd-events-projekt-in-entstehung","status":"publish","type":"page","link":"https:\/\/afd-events.de\/mae15\/afd-events-projekt-in-entstehung\/","title":{"rendered":"AfD-Events &#8211; Projekt in Entstehung"},"content":{"rendered":"\n<div style=\"height:var(--wp--preset--spacing--50)\" aria-hidden=\"true\" class=\"wp-block-spacer\"><\/div>\n\n\n\n<div class=\"wp-block-group alignwide\"><div class=\"wp-block-group__inner-container is-layout-constrained wp-block-group-is-layout-constrained\">\n<h1 class=\"wp-block-heading alignwide has-xx-large-font-size\" style=\"line-height:1.2\">..coming soon<br><\/h1>\n\n\n\n<p>Hier entsteht ein Projekt zur F\u00f6rderung der Teilhabe an AfD-Veranstaltungen und Austausch untereinander zwischen Mandatstr\u00e4gern, Mitgliedern, Interessenten und B\u00fcrgern.<\/p>\n\n\n\n<p>Diese Webseite ist nicht mit einer Organisation der AfD verbunden, sondern ein privates Projekt von Mario Liedtke, Mitglied aus dem KV Wesel und Schatzmeister von 02\/2023-02\/2024.<br><br>Diese Internetpr\u00e4senz ist gerade erst in der Entstehung und besteht nur aus dieser einen Seite. Es werden keine Cookies verwendet, kein kommerzielles Ziel verfolgt und keine Meinungsbildung betrieben. Lt. geltender Rechtsprechung ist somit zum aktuellen Zeitpunkt keine Impressumspflicht gegeben.<\/p>\n<\/div><\/div>\n\n\n\n<div class=\"wp-block-group alignfull\" style=\"margin-top:0;margin-bottom:0;padding-top:var(--wp--preset--spacing--50);padding-right:var(--wp--preset--spacing--50);padding-bottom:var(--wp--preset--spacing--50);padding-left:var(--wp--preset--spacing--50)\"><div class=\"wp-block-group__inner-container is-layout-constrained wp-container-core-group-is-layout-09821321 wp-block-group-is-layout-constrained\">\n<div class=\"wp-block-columns alignwide is-layout-flex wp-container-core-columns-is-layout-3edbca9c wp-block-columns-is-layout-flex\" style=\"margin-top:0;margin-bottom:0\">\n<div class=\"wp-block-column is-layout-flow wp-block-column-is-layout-flow\">\n\n\n<div style=\"height:var(--wp--preset--spacing--50)\" aria-hidden=\"true\" class=\"wp-block-spacer\"><\/div>\n\n\n\n\n\n<div style=\"height:var(--wp--preset--spacing--50)\" aria-hidden=\"true\" class=\"wp-block-spacer\"><\/div>\n\n\n<\/div>\n\n\n\n<div class=\"wp-block-column is-layout-flow wp-block-column-is-layout-flow\">\n<div style=\"height:var(--wp--preset--spacing--50)\" aria-hidden=\"true\" class=\"wp-block-spacer\"><\/div>\n\n\n\n\n\n<div style=\"height:var(--wp--preset--spacing--50)\" aria-hidden=\"true\" class=\"wp-block-spacer\"><\/div>\n\n\n\n\n\n<div style=\"height:var(--wp--preset--spacing--50)\" aria-hidden=\"true\" class=\"wp-block-spacer\"><\/div>\n\n\n<\/div>\n\n\n\n<div class=\"wp-block-column is-layout-flow wp-block-column-is-layout-flow\">\n\n\n<div style=\"height:var(--wp--preset--spacing--50)\" aria-hidden=\"true\" class=\"wp-block-spacer\"><\/div>\n\n\n\n\n\n<div style=\"height:var(--wp--preset--spacing--50)\" aria-hidden=\"true\" class=\"wp-block-spacer\"><\/div>\n\n\n<\/div>\n\n\n\n<div class=\"wp-block-column is-layout-flow wp-block-column-is-layout-flow\">\n<div style=\"height:var(--wp--preset--spacing--50)\" aria-hidden=\"true\" class=\"wp-block-spacer\"><\/div>\n\n\n\n\n\n<div style=\"height:var(--wp--preset--spacing--50)\" aria-hidden=\"true\" class=\"wp-block-spacer\"><\/div>\n\n\n\n\n\n<div style=\"height:var(--wp--preset--spacing--50)\" aria-hidden=\"true\" class=\"wp-block-spacer\"><\/div>\n\n\n<\/div>\n<\/div>\n<\/div><\/div>\n","protected":false},"excerpt":{"rendered":"<p>..coming soon Hier entsteht ein Projekt zur F\u00f6rderung der Teilhabe an AfD-Veranstaltungen und Austausch untereinander zwischen Mandatstr\u00e4gern, Mitgliedern, Interessenten und B\u00fcrgern. Diese Webseite ist nicht mit einer Organisation der AfD verbunden, sondern ein privates Projekt von Mario Liedtke, Mitglied aus dem KV Wesel und Schatzmeister von 02\/2023-02\/2024. Diese Internetpr\u00e4senz ist gerade erst in der Entstehung [&hellip;]<\/p>\n","protected":false},"author":1,"featured_media":0,"parent":0,"menu_order":0,"comment_status":"closed","ping_status":"closed","template":"","meta":{"footnotes":""},"class_list":["post-9","page","type-page","status-publish","hentry"],"_links":{"self":[{"href":"https:\/\/afd-events.de\/mae15\/wp-json\/wp\/v2\/pages\/9","targetHints":{"allow":["GET"]}}],"collection":[{"href":"https:\/\/afd-events.de\/mae15\/wp-json\/wp\/v2\/pages"}],"about":[{"href":"https:\/\/afd-events.de\/mae15\/wp-json\/wp\/v2\/types\/page"}],"author":[{"embeddable":true,"href":"https:\/\/afd-events.de\/mae15\/wp-json\/wp\/v2\/users\/1"}],"replies":[{"embeddable":true,"href":"https:\/\/afd-events.de\/mae15\/wp-json\/wp\/v2\/comments?post=9"}],"version-history":[{"count":0,"href":"https:\/\/afd-events.de\/mae15\/wp-json\/wp\/v2\/pages\/9\/revisions"}],"wp:attachment":[{"href":"https:\/\/afd-events.de\/mae15\/wp-json\/wp\/v2\/media?parent=9"}],"curies":[{"name":"wp","href":"https:\/\/api.w.org\/{rel}","templated":true}]}}